{"id":1869,"date":"2011-09-23T19:06:10","date_gmt":"2011-09-24T00:06:10","guid":{"rendered":"http:\/\/www.vdc.com.co\/site\/?page_id=1869"},"modified":"2023-02-21T23:59:05","modified_gmt":"2023-02-22T04:59:05","slug":"resena-historica","status":"publish","type":"page","link":"https:\/\/www.vdc.com.co\/site\/quienes-somos\/resena-historica\/","title":{"rendered":"Rese\u00f1a Hist\u00f3rica"},"content":{"rendered":"\t\t<div data-elementor-type=\"wp-page\" data-elementor-id=\"1869\" class=\"elementor elementor-1869\" data-elementor-post-type=\"page\">\n\t\t\t\t\t\t<section class=\"has_eae_slider elementor-section elementor-top-section elementor-element elementor-element-7eb271d elementor-section-boxed elementor-section-height-default elementor-section-height-default\" data-id=\"7eb271d\" data-element_type=\"section\">\n\t\t\t\t\t\t<div class=\"elementor-container elementor-column-gap-default\">\n\t\t\t\t\t<div class=\"has_eae_slider elementor-column elementor-col-50 elementor-top-column elementor-element elementor-element-947d9be\" data-id=\"947d9be\" data-element_type=\"column\">\n\t\t\t<div class=\"elementor-widget-wrap elementor-element-populated\">\n\t\t\t\t\t\t<div class=\"elementor-element elementor-element-0b7fe79 elementor-widget elementor-widget-image\" data-id=\"0b7fe79\" data-element_type=\"widget\" data-widget_type=\"image.default\">\n\t\t\t\t<div class=\"elementor-widget-container\">\n\t\t\t\t\t\t\t\t\t\t\t\t\t<img fetchpriority=\"high\" decoding=\"async\" width=\"769\" height=\"1024\" src=\"https:\/\/www.vdc.com.co\/site\/uploads\/vdc-historia-769x1024.jpg\" class=\"attachment-large size-large wp-image-2272\" alt=\"\" srcset=\"https:\/\/www.vdc.com.co\/site\/uploads\/vdc-historia-769x1024.jpg 769w, https:\/\/www.vdc.com.co\/site\/uploads\/vdc-historia-225x300.jpg 225w, https:\/\/www.vdc.com.co\/site\/uploads\/vdc-historia.jpg 800w\" sizes=\"(max-width: 769px) 100vw, 769px\" \/>\t\t\t\t\t\t\t\t\t\t\t\t\t<\/div>\n\t\t\t\t<\/div>\n\t\t\t\t\t<\/div>\n\t\t<\/div>\n\t\t\t\t<div class=\"has_eae_slider elementor-column elementor-col-50 elementor-top-column elementor-element elementor-element-86c04e2\" data-id=\"86c04e2\" data-element_type=\"column\">\n\t\t\t<div class=\"elementor-widget-wrap elementor-element-populated\">\n\t\t\t\t\t\t<div class=\"elementor-element elementor-element-51abefa0 elementor-widget elementor-widget-text-editor\" data-id=\"51abefa0\" data-element_type=\"widget\" data-widget_type=\"text-editor.default\">\n\t\t\t\t<div class=\"elementor-widget-container\">\n\t\t\t\t\t\t\t<p style=\"text-align: justify;\"><strong>MANUFACTURAS VICTOR GASKETS DE COLOMBIA S.A. &#8211; VDC<\/strong> es una empresa fundada en 1961 y desde su inicio se dedic\u00f3 a la distribuci\u00f3n de empaques y algunos retenedores para el sector automotor y agr\u00edcola.\u00a0<\/p><p style=\"text-align: justify;\">A finales de los a\u00f1os 90 se consolida como la empresa de retenedores m\u00e1s grande del grupo andino, y se reafirma como la empresa nacional m\u00e1s grande, dado su cubrimiento y calidad.\u00a0<\/p><p style=\"text-align: justify;\">De acuerdo al compromiso alcanzado como empresa l\u00edder, y teniendo en cuenta la competitividad y mayor exigencia del sector automotriz, particularmente a nivel internacional y las oportunidades de mejoras detectadas, a comienzos del siglo XXI, se inici\u00f3 un fortalecimiento y optimizaci\u00f3n en los procesos, con el prop\u00f3sito de mejorar la calidad y productividad, lo que nos permiti\u00f3 hacia el a\u00f1o 2003 recibir la certificaci\u00f3n del Sistema de Gesti\u00f3n de la Calidad bajo la norma NTC ISO 9001 por parte del ICONTEC.\u00a0<\/p><p style=\"text-align: justify;\">En la actualidad, a partir de la innovaci\u00f3n y el desarrollo tecnol\u00f3gico, ha conseguido un fortalecimiento en el mercado nacional y una creciente participaci\u00f3n en los mercados internacionales.<\/p><p><!--:--><\/p>\t\t\t\t\t\t<\/div>\n\t\t\t\t<\/div>\n\t\t\t\t\t<\/div>\n\t\t<\/div>\n\t\t\t\t\t<\/div>\n\t\t<\/section>\n\t\t\t\t<\/div>\n\t\t","protected":false},"excerpt":{"rendered":"<p>MANUFACTURAS VICTOR GASKETS DE COLOMBIA S.A. &#8211; VDC es una empresa fundada en 1961 y desde su inicio se dedic\u00f3 a la distribuci\u00f3n de empaques y algunos retenedores para el sector automotor y agr\u00edcola.\u00a0 A finales de los a\u00f1os 90 se consolida como la empresa de retenedores m\u00e1s grande del grupo andino, y se reafirma [&hellip;]<\/p>\n","protected":false},"author":1,"featured_media":2272,"parent":2,"menu_order":0,"comment_status":"closed","ping_status":"closed","template":"","meta":{"footnotes":""},"class_list":["post-1869","page","type-page","status-publish","has-post-thumbnail","hentry"],"blocksy_meta":{"styles_descriptor":{"styles":{"desktop":"","tablet":"","mobile":""},"google_fonts":[],"version":6}},"_links":{"self":[{"href":"https:\/\/www.vdc.com.co\/site\/wp-json\/wp\/v2\/pages\/1869"}],"collection":[{"href":"https:\/\/www.vdc.com.co\/site\/wp-json\/wp\/v2\/pages"}],"about":[{"href":"https:\/\/www.vdc.com.co\/site\/wp-json\/wp\/v2\/types\/page"}],"author":[{"embeddable":true,"href":"https:\/\/www.vdc.com.co\/site\/wp-json\/wp\/v2\/users\/1"}],"replies":[{"embeddable":true,"href":"https:\/\/www.vdc.com.co\/site\/wp-json\/wp\/v2\/comments?post=1869"}],"version-history":[{"count":0,"href":"https:\/\/www.vdc.com.co\/site\/wp-json\/wp\/v2\/pages\/1869\/revisions"}],"up":[{"embeddable":true,"href":"https:\/\/www.vdc.com.co\/site\/wp-json\/wp\/v2\/pages\/2"}],"wp:featuredmedia":[{"embeddable":true,"href":"https:\/\/www.vdc.com.co\/site\/wp-json\/wp\/v2\/media\/2272"}],"wp:attachment":[{"href":"https:\/\/www.vdc.com.co\/site\/wp-json\/wp\/v2\/media?parent=1869"}],"curies":[{"name":"wp","href":"https:\/\/api.w.org\/{rel}","templated":true}]}}