{"id":1877,"date":"2011-09-23T19:16:59","date_gmt":"2011-09-24T00:16:59","guid":{"rendered":"http:\/\/www.vdc.com.co\/site\/?page_id=1877"},"modified":"2023-07-14T14:56:34","modified_gmt":"2023-07-14T19:56:34","slug":"politica-de-calidad","status":"publish","type":"page","link":"https:\/\/www.vdc.com.co\/site\/quienes-somos\/politica-de-calidad\/","title":{"rendered":"Pol\u00edtica de Calidad"},"content":{"rendered":"\t\t<div data-elementor-type=\"wp-page\" data-elementor-id=\"1877\" class=\"elementor elementor-1877\" data-elementor-post-type=\"page\">\n\t\t\t\t\t\t<section class=\"has_eae_slider elementor-section elementor-top-section elementor-element elementor-element-c155f67 elementor-section-boxed elementor-section-height-default elementor-section-height-default\" data-id=\"c155f67\" data-element_type=\"section\">\n\t\t\t\t\t\t<div class=\"elementor-container elementor-column-gap-default\">\n\t\t\t\t\t<div class=\"has_eae_slider elementor-column elementor-col-50 elementor-top-column elementor-element elementor-element-7b5269d\" data-id=\"7b5269d\" data-element_type=\"column\">\n\t\t\t<div class=\"elementor-widget-wrap elementor-element-populated\">\n\t\t\t\t\t\t<div class=\"elementor-element elementor-element-7cb7372 elementor-widget elementor-widget-image\" data-id=\"7cb7372\" data-element_type=\"widget\" data-widget_type=\"image.default\">\n\t\t\t\t<div class=\"elementor-widget-container\">\n\t\t\t\t\t\t\t\t\t\t\t\t\t<img fetchpriority=\"high\" decoding=\"async\" width=\"800\" height=\"602\" src=\"https:\/\/www.vdc.com.co\/site\/uploads\/vdc-politica-de-calidad.jpg\" class=\"attachment-large size-large wp-image-2280\" alt=\"\" srcset=\"https:\/\/www.vdc.com.co\/site\/uploads\/vdc-politica-de-calidad.jpg 800w, https:\/\/www.vdc.com.co\/site\/uploads\/vdc-politica-de-calidad-300x225.jpg 300w\" sizes=\"(max-width: 800px) 100vw, 800px\" \/>\t\t\t\t\t\t\t\t\t\t\t\t\t<\/div>\n\t\t\t\t<\/div>\n\t\t\t\t\t<\/div>\n\t\t<\/div>\n\t\t\t\t<div class=\"has_eae_slider elementor-column elementor-col-50 elementor-top-column elementor-element elementor-element-edbcb07\" data-id=\"edbcb07\" data-element_type=\"column\">\n\t\t\t<div class=\"elementor-widget-wrap elementor-element-populated\">\n\t\t\t\t\t\t<div class=\"elementor-element elementor-element-685476e4 elementor-widget elementor-widget-text-editor\" data-id=\"685476e4\" data-element_type=\"widget\" data-widget_type=\"text-editor.default\">\n\t\t\t\t<div class=\"elementor-widget-container\">\n\t\t\t\t\t\t\t<p><strong>Manufacturas Victor Gaskets de Colombia S.A.<\/strong>, es una Sociedad An\u00f3nima especializada en la fabricaci\u00f3n y comercializaci\u00f3n de retenedores, que deber\u00e1 propugnar por afianzar su posici\u00f3n comercial y el compromiso hacia el cumplimiento de los requisitos aplicables, la normatividad legal y otros requisitos vigentes, que cubran con responsabilidad social, las necesidades y expectativas de nuestras partes interesadas pertinentes a trav\u00e9s del crecimiento, sostenibilidad y excelencia en el servicio. Analizando su contexto, gestionando los riesgos y las oportunidades.<\/p>\n<p>Ha sido y es nuestro m\u00e1s firme compromiso, el suministro de productos progresivamente m\u00e1s competitivos, cumpliendo plenamente con los est\u00e1ndares m\u00e1s exigentes en tecnolog\u00eda de sellamiento.<\/p>\n<p>As\u00ed mismo, integrando la mejora continua en todas las actividades de nuestros procesos, en el desempe\u00f1o del sistema de gesti\u00f3n de la calidad y la competencia del personal, como base para el logro de un desarrollo sustentable en todas las operaciones.<\/p>\n<p><!-- wp:paragraph --><\/p>\n<p><!-- \/wp:paragraph --><\/p>\t\t\t\t\t\t<\/div>\n\t\t\t\t<\/div>\n\t\t\t\t\t<\/div>\n\t\t<\/div>\n\t\t\t\t\t<\/div>\n\t\t<\/section>\n\t\t\t\t<\/div>\n\t\t","protected":false},"excerpt":{"rendered":"<p>Manufacturas Victor Gaskets de Colombia S.A., es una Sociedad An\u00f3nima especializada en la fabricaci\u00f3n y comercializaci\u00f3n de retenedores, que deber\u00e1 propugnar por afianzar su posici\u00f3n comercial y el compromiso hacia el cumplimiento de los requisitos aplicables, la normatividad legal y otros requisitos vigentes, que cubran con responsabilidad social, las necesidades y expectativas de nuestras partes [&hellip;]<\/p>\n","protected":false},"author":1,"featured_media":2280,"parent":2,"menu_order":0,"comment_status":"closed","ping_status":"closed","template":"","meta":{"footnotes":""},"class_list":["post-1877","page","type-page","status-publish","has-post-thumbnail","hentry"],"blocksy_meta":{"styles_descriptor":{"styles":{"desktop":"","tablet":"","mobile":""},"google_fonts":[],"version":6}},"_links":{"self":[{"href":"https:\/\/www.vdc.com.co\/site\/wp-json\/wp\/v2\/pages\/1877"}],"collection":[{"href":"https:\/\/www.vdc.com.co\/site\/wp-json\/wp\/v2\/pages"}],"about":[{"href":"https:\/\/www.vdc.com.co\/site\/wp-json\/wp\/v2\/types\/page"}],"author":[{"embeddable":true,"href":"https:\/\/www.vdc.com.co\/site\/wp-json\/wp\/v2\/users\/1"}],"replies":[{"embeddable":true,"href":"https:\/\/www.vdc.com.co\/site\/wp-json\/wp\/v2\/comments?post=1877"}],"version-history":[{"count":0,"href":"https:\/\/www.vdc.com.co\/site\/wp-json\/wp\/v2\/pages\/1877\/revisions"}],"up":[{"embeddable":true,"href":"https:\/\/www.vdc.com.co\/site\/wp-json\/wp\/v2\/pages\/2"}],"wp:featuredmedia":[{"embeddable":true,"href":"https:\/\/www.vdc.com.co\/site\/wp-json\/wp\/v2\/media\/2280"}],"wp:attachment":[{"href":"https:\/\/www.vdc.com.co\/site\/wp-json\/wp\/v2\/media?parent=1877"}],"curies":[{"name":"wp","href":"https:\/\/api.w.org\/{rel}","templated":true}]}}