{"id":3288,"date":"2017-05-24T16:11:58","date_gmt":"2017-05-24T21:11:58","guid":{"rendered":"http:\/\/www.vdc.com.co\/site\/?p=3288"},"modified":"2023-02-21T23:35:12","modified_gmt":"2023-02-22T04:35:12","slug":"aviso-de-privacidad","status":"publish","type":"page","link":"https:\/\/www.vdc.com.co\/site\/aviso-de-privacidad\/","title":{"rendered":"Aviso de Privacidad"},"content":{"rendered":"<p style=\"text-align: center;\"><strong>\u00a0<\/strong><\/p>\n<p style=\"text-align: justify;\"><strong>MANUFACTURAS VICTOR GASKETS DE COLOMBIA S.A.<\/strong> como responsable del tratamiento de datos personales y en cumplimiento con lo dispuesto por la Ley 1581 de 2012 y dem\u00e1s normas vigentes, informa que los datos personales recibidos har\u00e1n parte de nuestras bases de datos bajo las respectivas medidas de seguridad y ser\u00e1n utilizados con las siguientes finalidades:<\/p>\n<p style=\"text-align: justify;\">a) Mantener la relaci\u00f3n establecida con sus clientes, proveedores, empleados o contratistas y otros titulares de informaci\u00f3n.<\/p>\n<p style=\"text-align: justify;\">b) Cumplir las normas aplicables a clientes, proveedores y contratistas incluyendo las tributarias y comerciales.<\/p>\n<p style=\"text-align: justify;\">c) Proveer los productos requeridos por los clientes.<\/p>\n<p style=\"text-align: justify;\">d) Comunicar informaci\u00f3n relacionada con el producto.<\/p>\n<p style=\"text-align: justify;\">e) Evaluar niveles de satisfacci\u00f3n.<\/p>\n<p style=\"text-align: justify;\">f) Cumplir con lo dispuesto seg\u00fan la normatividad laboral, de seguridad social, de riesgos laborales, ambiental, entre otras, aplicables a empleados, ex empleados y candidatos a futuros empleos.<\/p>\n<p style=\"text-align: justify;\">g) Soportar procesos de auditoria interna o externa<\/p>\n<p style=\"text-align: justify;\">h) Comunicar promociones comerciales<\/p>\n<p style=\"text-align: justify;\">i) Realizar actualizaci\u00f3n de datos<\/p>\n<p style=\"text-align: justify;\">j) Los datos sensibles manejados en la empresa son los relacionados con los empleados referentes al diagn\u00f3stico de condiciones de Salud, emitido por la IPS encargada de realizar los ex\u00e1menes m\u00e9dicos de Ingreso, peri\u00f3dicos y de retiro con el fin de implementar programas y actividades de prevenci\u00f3n de enfermedades y promoci\u00f3n de la Salud dentro del Sistema de Gesti\u00f3n de Seguridad y Salud en el trabajo.<\/p>\n<p style=\"text-align: justify;\">k) Respecto de los datos que son obtenidos de las videograbaciones que se realizan dentro de nuestras instalaciones, estos se utilizaran para fines de seguridad de las personas, los bienes e instalaciones de la empresa y podr\u00e1n ser utilizados como prueba en cualquier tipo de proceso.<\/p>\n<p style=\"text-align: justify;\">Para cumplir las disposiciones legales, MANUFACTURAS VICTOR GASKETS DE COLOMBIA S.A, elabor\u00f3 sus \u00abPol\u00edticas para el Tratamiento de Datos Personales\u00bb as\u00ed como los procedimientos para que el Titular de la informaci\u00f3n ejerza sus derechos al acceso, consulta, rectificaci\u00f3n, actualizaci\u00f3n y supresi\u00f3n de los datos que reposan en nuestra base de datos, como tambi\u00e9n a reclamar al responsable y revocar la autorizaci\u00f3n para su uso. Dichas pol\u00edticas pueden ser consultadas en la p\u00e1gina web: www.vdc.com.co<\/p>\n<p style=\"text-align: justify;\">Para ejercer los derechos como titulares de la informaci\u00f3n usted podr\u00e1 radicar su solicitud por escrito, con firma autenticada dirigida a la Direcci\u00f3n Administrativa, en nuestras instalaciones ubicadas en la direcci\u00f3n: Carrera 2 N\u00b0 48 \u2013 10 Zona Industrial Cazuca en Soacha, Cundinamarca.<\/p>\n<p>&nbsp;<\/p>\n","protected":false},"excerpt":{"rendered":"<p>\u00a0 MANUFACTURAS VICTOR GASKETS DE COLOMBIA S.A. como responsable del tratamiento de datos personales y en cumplimiento con lo dispuesto por la Ley 1581 de 2012 y dem\u00e1s normas vigentes, informa que los datos personales recibidos har\u00e1n parte de nuestras bases de datos bajo las respectivas medidas de seguridad y ser\u00e1n utilizados con las siguientes [&hellip;]<\/p>\n","protected":false},"author":1,"featured_media":0,"parent":0,"menu_order":0,"comment_status":"closed","ping_status":"open","template":"","meta":{"footnotes":""},"class_list":["post-3288","page","type-page","status-publish","hentry"],"blocksy_meta":{"styles_descriptor":{"styles":{"desktop":"","tablet":"","mobile":""},"google_fonts":[],"version":6}},"_links":{"self":[{"href":"https:\/\/www.vdc.com.co\/site\/wp-json\/wp\/v2\/pages\/3288"}],"collection":[{"href":"https:\/\/www.vdc.com.co\/site\/wp-json\/wp\/v2\/pages"}],"about":[{"href":"https:\/\/www.vdc.com.co\/site\/wp-json\/wp\/v2\/types\/page"}],"author":[{"embeddable":true,"href":"https:\/\/www.vdc.com.co\/site\/wp-json\/wp\/v2\/users\/1"}],"replies":[{"embeddable":true,"href":"https:\/\/www.vdc.com.co\/site\/wp-json\/wp\/v2\/comments?post=3288"}],"version-history":[{"count":0,"href":"https:\/\/www.vdc.com.co\/site\/wp-json\/wp\/v2\/pages\/3288\/revisions"}],"wp:attachment":[{"href":"https:\/\/www.vdc.com.co\/site\/wp-json\/wp\/v2\/media?parent=3288"}],"curies":[{"name":"wp","href":"https:\/\/api.w.org\/{rel}","templated":true}]}}